{"id":5685,"date":"2021-11-12T18:29:44","date_gmt":"2021-11-12T21:29:44","guid":{"rendered":"http:\/\/atlas-ied-sp.ufscar.br\/?page_id=5685"},"modified":"2022-02-01T15:55:16","modified_gmt":"2022-02-01T18:55:16","slug":"equipe","status":"publish","type":"page","link":"https:\/\/www.atlas-ied-sp.ufscar.br\/?page_id=5685","title":{"rendered":"EQUIPE"},"content":{"rendered":"<p>[vc_row rt_row_background_width=&#8221;fullwidth&#8221; rt_row_content_width=&#8221;default&#8221; rt_row_style=&#8221;default-style&#8221; rt_row_height=&#8221;&#8221; rt_column_placement=&#8221;bottom&#8221; rt_column_gaps=&#8221;&#8221; rt_row_shadows=&#8221;&#8221; rt_row_borders=&#8221;&#8221; rt_bg_effect=&#8221;classic&#8221; rt_bg_image_repeat=&#8221;repeat&#8221; rt_bg_size=&#8221;cover&#8221; rt_bg_position=&#8221;right top&#8221; rt_bg_attachment=&#8221;scroll&#8221; rt_bg_layer=&#8221;&#8221; rt_bg_video_format=&#8221;self-hosted&#8221; rt_row_paddings=&#8221;true&#8221; rt_padding_top=&#8221;80&#8243; rt_padding_bottom=&#8221;80&#8243; rt_class=&#8221;rt-1686520&#8243; rt_paddings=&#8221;0,0,,&#8221; rt_margins=&#8221;,,,&#8221; rt_content_margins=&#8221;,,,&#8221; rt_tablet_paddings=&#8221;,,,&#8221; rt_tablet_margins=&#8221;,,,&#8221; rt_tablet_content_margins=&#8221;,,,&#8221; rt_sp_paddings=&#8221;,,,&#8221; rt_sp_margins=&#8221;,,,&#8221; rt_sp_content_margins=&#8221;,,,&#8221;][vc_column width=&#8221;2\/3&#8243; rt_bg_effect=&#8221;classic&#8221; rt_bg_image_repeat=&#8221;repeat&#8221; rt_bg_size=&#8221;auto auto&#8221; rt_bg_position=&#8221;right top&#8221; rt_bg_attachment=&#8221;scroll&#8221; rt_class=&#8221;rt-7579980&#8243; rt_margins=&#8221;40px,&#8221; rt_paddings=&#8221;,,40px,40px&#8221; rt_wrapper_paddings=&#8221;,,,&#8221; rt_tablet_margins=&#8221;,&#8221; rt_tablet_paddings=&#8221;,,,&#8221; rt_tablet_wrapper_paddings=&#8221;,,,&#8221; rt_sp_margins=&#8221;,&#8221; rt_sp_paddings=&#8221;,,,&#8221; rt_sp_wrapper_paddings=&#8221;,,,&#8221; rt_bg_color=&#8221;&#8221; rt_bg_overlay_color=&#8221;&#8221;][vc_empty_space height=&#8221;20px&#8221;][vc_column_text 0=&#8221;&#8221;]<\/p>\n<p style=\"text-align: justify;\">O desenvolvimento do <strong>Atlas de IED \u2013 SP <\/strong>foi iniciativa do Prof. Dr. Herick Fernando Moralles, professor adjunto do departamento de Engenharia de Produ\u00e7\u00e3o da Universidade Federal de S\u00e3o Carlos (UFSCar) e l\u00edder do grupo de pesquisa <a href=\"http:\/\/dgp.cnpq.br\/dgp\/espelhogrupo\/737414\" target=\"_blank\" rel=\"noopener noreferrer\">Laborat\u00f3rio de Economia Regional e Mudan\u00e7a Estrutural Sustent\u00e1vel (ERMES Lab)<\/a>. O projeto contou tamb\u00e9m com a colabora\u00e7\u00e3o de pesquisadores de diversas institui\u00e7\u00f5es e grupos de pesquisa como o <a href=\"http:\/\/dgp.cnpq.br\/dgp\/espelhogrupo\/546758\" target=\"_blank\" rel=\"noopener noreferrer\">An\u00e1lise de Desempenho de Sistemas Produtivos (ADESP\/USP)<\/a>\u00a0e o <a href=\"http:\/\/dgp.cnpq.br\/dgp\/espelhogrupo\/744755\">N\u00facleo de Estudos em Complexidade, Desenvolvimento e Desigualdade (NECODE\/UFSC)<\/a>.<\/p>\n<p>[\/vc_column_text][vc_empty_space height=&#8221;20px&#8221;][\/vc_column][vc_column width=&#8221;1\/3&#8243; rt_bg_effect=&#8221;classic&#8221; rt_bg_image_repeat=&#8221;repeat&#8221; rt_bg_size=&#8221;auto auto&#8221; rt_bg_position=&#8221;right top&#8221; rt_bg_attachment=&#8221;scroll&#8221; rt_class=&#8221;rt-8675442&#8243; rt_margins=&#8221;-140px,&#8221; rt_paddings=&#8221;,,0,0&#8243; rt_wrapper_paddings=&#8221;,,,&#8221; rt_tablet_margins=&#8221;,&#8221; rt_tablet_paddings=&#8221;,,,&#8221; rt_tablet_wrapper_paddings=&#8221;,,,&#8221; rt_sp_margins=&#8221;,&#8221; rt_sp_paddings=&#8221;,,,&#8221; rt_sp_wrapper_paddings=&#8221;,,,&#8221; rt_bg_color=&#8221;&#8221; rt_bg_overlay_color=&#8221;&#8221;][vc_single_image image=&#8221;5713&#8243; img_size=&#8221;full&#8221;][\/vc_column][\/vc_row][vc_row rt_row_background_width=&#8221;fullwidth&#8221; rt_row_content_width=&#8221;default&#8221; rt_row_style=&#8221;default-style&#8221; rt_row_height=&#8221;&#8221; rt_column_placement=&#8221;middle&#8221; rt_column_gaps=&#8221;&#8221; rt_row_shadows=&#8221;&#8221; rt_row_borders=&#8221;&#8221; rt_bg_effect=&#8221;classic&#8221; rt_bg_image_repeat=&#8221;no-repeat&#8221; rt_bg_size=&#8221;cover&#8221; rt_bg_position=&#8221;center center&#8221; rt_bg_attachment=&#8221;scroll&#8221; rt_bg_layer=&#8221;&#8221; rt_bg_video_format=&#8221;self-hosted&#8221; rt_row_paddings=&#8221;true&#8221; rt_padding_top=&#8221;0&#8243; rt_padding_bottom=&#8221;80&#8243; rt_class=&#8221;rt-6479512&#8243; rt_paddings=&#8221;80px,50px,,&#8221; rt_margins=&#8221;,,,&#8221; rt_content_margins=&#8221;,,,&#8221; rt_tablet_paddings=&#8221;,,,&#8221; rt_tablet_margins=&#8221;,,,&#8221; rt_tablet_content_margins=&#8221;,,,&#8221; rt_sp_paddings=&#8221;,,,&#8221; rt_sp_margins=&#8221;,,,&#8221; rt_sp_content_margins=&#8221;,,,&#8221; rt_bg_color=&#8221;#f4f4f4&#8243;][vc_column rt_bg_effect=&#8221;classic&#8221; rt_bg_image_repeat=&#8221;repeat&#8221; rt_bg_size=&#8221;auto auto&#8221; rt_bg_position=&#8221;right top&#8221; rt_bg_attachment=&#8221;scroll&#8221; rt_col_paddings=&#8221;true&#8221; rt_wrp_col_paddings=&#8221;false&#8221; rt_class=&#8221;rt-7635313&#8243; rt_margins=&#8221;,&#8221; rt_paddings=&#8221;,,,&#8221; rt_wrapper_paddings=&#8221;,,,&#8221; rt_tablet_margins=&#8221;,&#8221; rt_tablet_paddings=&#8221;,,,&#8221; rt_tablet_wrapper_paddings=&#8221;,,,&#8221; rt_sp_margins=&#8221;,&#8221; rt_sp_paddings=&#8221;,,,&#8221; rt_sp_wrapper_paddings=&#8221;,,,&#8221; rt_bg_color=&#8221;&#8221; rt_bg_overlay_color=&#8221;&#8221;]<section id=\"staff-225690\" class=\"team clearfix fixed_heights rt-flex-wrapper \"><div class=\"row clearfix\"><div class=\"col col-sm-3\">\n<div id=\"4989\" class=\"loop boxed col-sm-3 post-4989 staff type-staff status-publish has-post-thumbnail hentry\">\n\r\n\r\n\t\t<div class=\"person_image\">\t\t\r\n\t\t<div class=\"person_image_wrapper\">\r\n\t\t\t\r\n\t\t\t\t\t\t\t<a href=\"https:\/\/www.atlas-ied-sp.ufscar.br\/?post_type=staff&#038;p=4989\"><img src=\"https:\/\/www.atlas-ied-sp.ufscar.br\/wp-content\/uploads\/2021\/10\/herick-480x480.png\" alt=\"\" class=\"\" width=\"480\" height=\"480\" \/><\/a>\r\n\t\t\t\t\t\t\r\n\t\t<\/div>\r\n\t<\/div>\r\n\t\r\n\t<div class=\"person_data\">\r\n\r\n\t\t\t\t\t<h5 class=\"person_name\"><a href=\"https:\/\/www.atlas-ied-sp.ufscar.br\/?post_type=staff&#038;p=4989\">Prof. Dr. Herick Fernando Moralles &#8211; UFSCar<\/a><\/h5>\r\n\t\t\r\n\t\t\t\t\t<span class=\"position\">COORDENA\u00c7\u00c3O<\/span>\r\n\t\t\r\n\t\t\r\n\t\t<div class=\"person_links_wrapper\"><ul class=\"social_media\"><li class=\"lattes\"><a class=\"ui-icon-lattes\" target=\"_blank\" href=\"http:\/\/lattes.cnpq.br\/3603674784653923\" title=\"Lattes\"><span>Lattes<\/span><\/a><\/li><\/ul><\/div>\t\r\n\t<\/div> \r\n\t\r\n\t\t\t<\/div>\n<\/div>\n<div class=\"col col-sm-3\">\n<div id=\"4987\" class=\"loop boxed col-sm-3 post-4987 staff type-staff status-publish has-post-thumbnail hentry\">\n\r\n\r\n\t\t<div class=\"person_image\">\t\t\r\n\t\t<div class=\"person_image_wrapper\">\r\n\t\t\t\r\n\t\t\t\t\t\t\t<a href=\"https:\/\/www.atlas-ied-sp.ufscar.br\/?post_type=staff&#038;p=4987\"><img src=\"https:\/\/www.atlas-ied-sp.ufscar.br\/wp-content\/uploads\/2021\/10\/equipe-ms-eduardo-polloni-silva-1-480x480.jpg\" alt=\"\" class=\"\" width=\"480\" height=\"480\" \/><\/a>\r\n\t\t\t\t\t\t\r\n\t\t<\/div>\r\n\t<\/div>\r\n\t\r\n\t<div class=\"person_data\">\r\n\r\n\t\t\t\t\t<h5 class=\"person_name\"><a href=\"https:\/\/www.atlas-ied-sp.ufscar.br\/?post_type=staff&#038;p=4987\">Prof. Ms. Eduardo Polloni Silva &#8211; UFSCar<\/a><\/h5>\r\n\t\t\r\n\t\t\t\t\t<span class=\"position\">COORDENA\u00c7\u00c3O ADJUNTA PESQUISADOR<\/span>\r\n\t\t\r\n\t\t\r\n\t\t<div class=\"person_links_wrapper\"><ul class=\"social_media\"><li class=\"lattes\"><a class=\"ui-icon-lattes\" target=\"_blank\" href=\"http:\/\/lattes.cnpq.br\/3707775749363255\" title=\"Lattes\"><span>Lattes<\/span><\/a><\/li><\/ul><\/div>\t\r\n\t<\/div> \r\n\t\r\n\t\t\t<\/div>\n<\/div>\n<div class=\"col col-sm-3\">\n<div id=\"1873\" class=\"loop boxed col-sm-3 post-1873 staff type-staff status-publish has-post-thumbnail hentry\">\n\r\n\r\n\t\t<div class=\"person_image\">\t\t\r\n\t\t<div class=\"person_image_wrapper\">\r\n\t\t\t\r\n\t\t\t\t\t\t\t<a href=\"https:\/\/www.atlas-ied-sp.ufscar.br\/?post_type=staff&#038;p=1873\"><img src=\"https:\/\/www.atlas-ied-sp.ufscar.br\/wp-content\/uploads\/2021\/10\/equipe-profa-dra-daisy-aparecida-do-nascimento-rebelatto-1-480x480.jpg\" alt=\"\" class=\"\" width=\"480\" height=\"480\" \/><\/a>\r\n\t\t\t\t\t\t\r\n\t\t<\/div>\r\n\t<\/div>\r\n\t\r\n\t<div class=\"person_data\">\r\n\r\n\t\t\t\t\t<h5 class=\"person_name\"><a href=\"https:\/\/www.atlas-ied-sp.ufscar.br\/?post_type=staff&#038;p=1873\">Prof. Dra. Daisy Aparecida do Nascimento Rebelatto &#8211;  EESC\/USP<\/a><\/h5>\r\n\t\t\r\n\t\t\t\t\t<span class=\"position\">PESQUISADORA<\/span>\r\n\t\t\r\n\t\t\r\n\t\t<div class=\"person_links_wrapper\"><ul class=\"social_media\"><li class=\"lattes\"><a class=\"ui-icon-lattes\" target=\"_blank\" href=\"http:\/\/lattes.cnpq.br\/7852151945196465\" title=\"Lattes\"><span>Lattes<\/span><\/a><\/li><\/ul><\/div>\t\r\n\t<\/div> \r\n\t\r\n\t\t\t<\/div>\n<\/div>\n<div class=\"col col-sm-3\">\n<div id=\"1872\" class=\"loop boxed col-sm-3 post-1872 staff type-staff status-publish has-post-thumbnail hentry\">\n\r\n\r\n\t\t<div class=\"person_image\">\t\t\r\n\t\t<div class=\"person_image_wrapper\">\r\n\t\t\t\r\n\t\t\t\t\t\t\t<a href=\"https:\/\/www.atlas-ied-sp.ufscar.br\/?post_type=staff&#038;p=1872\"><img src=\"https:\/\/www.atlas-ied-sp.ufscar.br\/wp-content\/uploads\/2021\/10\/equipe-prof-dr-diogo-ferraz-1-480x480.jpg\" alt=\"\" class=\"\" width=\"480\" height=\"480\" \/><\/a>\r\n\t\t\t\t\t\t\r\n\t\t<\/div>\r\n\t<\/div>\r\n\t\r\n\t<div class=\"person_data\">\r\n\r\n\t\t\t\t\t<h5 class=\"person_name\"><a href=\"https:\/\/www.atlas-ied-sp.ufscar.br\/?post_type=staff&#038;p=1872\">Prof. Dr. Diogo Ferraz &#8211; UFOP<\/a><\/h5>\r\n\t\t\r\n\t\t\t\t\t<span class=\"position\">PESQUISADOR<\/span>\r\n\t\t\r\n\t\t\r\n\t\t<div class=\"person_links_wrapper\"><ul class=\"social_media\"><li class=\"lattes\"><a class=\"ui-icon-lattes\" target=\"_blank\" href=\"http:\/\/lattes.cnpq.br\/4539063690990247\" title=\"Lattes\"><span>Lattes<\/span><\/a><\/li><\/ul><\/div>\t\r\n\t<\/div> \r\n\t\r\n\t\t\t<\/div>\n<\/div>\n<\/div><div class=\"row clearfix\"><div class=\"col col-sm-3\">\n<div id=\"1871\" class=\"loop boxed col-sm-3 post-1871 staff type-staff status-publish has-post-thumbnail hentry\">\n\r\n\r\n\t\t<div class=\"person_image\">\t\t\r\n\t\t<div class=\"person_image_wrapper\">\r\n\t\t\t\r\n\t\t\t\t\t\t\t<a href=\"https:\/\/www.atlas-ied-sp.ufscar.br\/?post_type=staff&#038;p=1871\"><img src=\"https:\/\/www.atlas-ied-sp.ufscar.br\/wp-content\/uploads\/2021\/10\/equipe-prof-dr-dominik-hartmann-1-480x480.jpg\" alt=\"\" class=\"\" width=\"480\" height=\"480\" \/><\/a>\r\n\t\t\t\t\t\t\r\n\t\t<\/div>\r\n\t<\/div>\r\n\t\r\n\t<div class=\"person_data\">\r\n\r\n\t\t\t\t\t<h5 class=\"person_name\"><a href=\"https:\/\/www.atlas-ied-sp.ufscar.br\/?post_type=staff&#038;p=1871\">Prof. Dr. Dominik Hartmann &#8211; UFSC<\/a><\/h5>\r\n\t\t\r\n\t\t\t\t\t<span class=\"position\">PESQUISADOR<\/span>\r\n\t\t\r\n\t\t\r\n\t\t<div class=\"person_links_wrapper\"><ul class=\"social_media\"><li class=\"lattes\"><a class=\"ui-icon-lattes\" target=\"_blank\" href=\"http:\/\/lattes.cnpq.br\/1782565673673929\" title=\"Lattes\"><span>Lattes<\/span><\/a><\/li><\/ul><\/div>\t\r\n\t<\/div> \r\n\t\r\n\t\t\t<\/div>\n<\/div>\n<div class=\"col col-sm-3\">\n<div id=\"1870\" class=\"loop boxed col-sm-3 post-1870 staff type-staff status-publish has-post-thumbnail hentry\">\n\r\n\r\n\t\t<div class=\"person_image\">\t\t\r\n\t\t<div class=\"person_image_wrapper\">\r\n\t\t\t\r\n\t\t\t\t\t\t\t<a href=\"https:\/\/www.atlas-ied-sp.ufscar.br\/?post_type=staff&#038;p=1870\"><img src=\"https:\/\/www.atlas-ied-sp.ufscar.br\/wp-content\/uploads\/2021\/10\/equipe-profa-dra-flavia-castro-camioto-1-480x480.jpg\" alt=\"\" class=\"\" width=\"480\" height=\"480\" \/><\/a>\r\n\t\t\t\t\t\t\r\n\t\t<\/div>\r\n\t<\/div>\r\n\t\r\n\t<div class=\"person_data\">\r\n\r\n\t\t\t\t\t<h5 class=\"person_name\"><a href=\"https:\/\/www.atlas-ied-sp.ufscar.br\/?post_type=staff&#038;p=1870\">Prof. Dra. Fl\u00e1via de Castro Camioto &#8211; UFTM<\/a><\/h5>\r\n\t\t\r\n\t\t\t\t\t<span class=\"position\">PESQUISADORA<\/span>\r\n\t\t\r\n\t\t\r\n\t\t<div class=\"person_links_wrapper\"><ul class=\"social_media\"><li class=\"lattes\"><a class=\"ui-icon-lattes\" target=\"_blank\" href=\"http:\/\/lattes.cnpq.br\/5771389938669173\" title=\"Lattes\"><span>Lattes<\/span><\/a><\/li><\/ul><\/div>\t\r\n\t<\/div> \r\n\t\r\n\t\t\t<\/div>\n<\/div>\n<div class=\"col col-sm-3\">\n<div id=\"1867\" class=\"loop boxed col-sm-3 post-1867 staff type-staff status-publish has-post-thumbnail hentry\">\n\r\n\r\n\t\t<div class=\"person_image\">\t\t\r\n\t\t<div class=\"person_image_wrapper\">\r\n\t\t\t\r\n\t\t\t\t\t\t\t<a href=\"https:\/\/www.atlas-ied-sp.ufscar.br\/?post_type=staff&#038;p=1867\"><img src=\"https:\/\/www.atlas-ied-sp.ufscar.br\/wp-content\/uploads\/2014\/02\/naijela-480x480.png\" alt=\"\" class=\"\" width=\"480\" height=\"480\" \/><\/a>\r\n\t\t\t\t\t\t\r\n\t\t<\/div>\r\n\t<\/div>\r\n\t\r\n\t<div class=\"person_data\">\r\n\r\n\t\t\t\t\t<h5 class=\"person_name\"><a href=\"https:\/\/www.atlas-ied-sp.ufscar.br\/?post_type=staff&#038;p=1867\">Prof. Dra. Naijela Janaina Costa Silveira &#8211; UNIP<\/a><\/h5>\r\n\t\t\r\n\t\t\t\t\t<span class=\"position\">PESQUISADORA<\/span>\r\n\t\t\r\n\t\t\r\n\t\t<div class=\"person_links_wrapper\"><ul class=\"social_media\"><li class=\"lattes\"><a class=\"ui-icon-lattes\" target=\"_blank\" href=\"http:\/\/lattes.cnpq.br\/9395111230471879\" title=\"Lattes\"><span>Lattes<\/span><\/a><\/li><\/ul><\/div>\t\r\n\t<\/div> \r\n\t\r\n\t\t\t<\/div>\n<\/div>\n<div class=\"col col-sm-3\">\n<div id=\"1869\" class=\"loop boxed col-sm-3 post-1869 staff type-staff status-publish has-post-thumbnail hentry\">\n\r\n\r\n\t\t<div class=\"person_image\">\t\t\r\n\t\t<div class=\"person_image_wrapper\">\r\n\t\t\t\r\n\t\t\t\t\t\t\t<a href=\"https:\/\/www.atlas-ied-sp.ufscar.br\/?post_type=staff&#038;p=1869\"><img src=\"https:\/\/www.atlas-ied-sp.ufscar.br\/wp-content\/uploads\/2021\/10\/equipe-profa-dra-rosina-moreno-1-480x480.jpg\" alt=\"\" class=\"\" width=\"480\" height=\"480\" \/><\/a>\r\n\t\t\t\t\t\t\r\n\t\t<\/div>\r\n\t<\/div>\r\n\t\r\n\t<div class=\"person_data\">\r\n\r\n\t\t\t\t\t<h5 class=\"person_name\"><a href=\"https:\/\/www.atlas-ied-sp.ufscar.br\/?post_type=staff&#038;p=1869\">Prof. Dra. Rosina Moreno &#8211; Universitat de Barcelona<\/a><\/h5>\r\n\t\t\r\n\t\t\t\t\t<span class=\"position\">PESQUISADORA<\/span>\r\n\t\t\r\n\t\t\r\n\t\t<div class=\"person_links_wrapper\"><ul class=\"social_media\"><li class=\"lattes\"><a class=\"ui-icon-lattes\" target=\"_blank\" href=\"https:\/\/orcid.org\/0000-0002-3500-8622\" title=\"Lattes\"><span>Lattes<\/span><\/a><\/li><\/ul><\/div>\t\r\n\t<\/div> \r\n\t\r\n\t\t\t<\/div>\n<\/div>\n<\/div><\/section>[\/vc_column][\/vc_row][vc_row rt_row_background_width=&#8221;fullwidth&#8221; rt_row_content_width=&#8221;default&#8221; rt_row_style=&#8221;default-style&#8221; rt_row_height=&#8221;&#8221; rt_column_placement=&#8221;bottom&#8221; rt_column_gaps=&#8221;&#8221; rt_row_shadows=&#8221;&#8221; rt_row_borders=&#8221;&#8221; rt_bg_effect=&#8221;classic&#8221; rt_bg_image_repeat=&#8221;repeat&#8221; rt_bg_size=&#8221;cover&#8221; rt_bg_position=&#8221;right top&#8221; rt_bg_attachment=&#8221;scroll&#8221; rt_bg_layer=&#8221;&#8221; rt_bg_video_format=&#8221;self-hosted&#8221; rt_class=&#8221;rt-4398343&#8243; rt_paddings=&#8221;,0,,&#8221; rt_margins=&#8221;,,,&#8221; rt_content_margins=&#8221;,,,&#8221; rt_tablet_paddings=&#8221;,,,&#8221; rt_tablet_margins=&#8221;,,,&#8221; rt_tablet_content_margins=&#8221;,,,&#8221; rt_sp_paddings=&#8221;,,,&#8221; rt_sp_margins=&#8221;,,,&#8221; rt_sp_content_margins=&#8221;,,,&#8221;][vc_column width=&#8221;1\/3&#8243; rt_bg_effect=&#8221;classic&#8221; rt_bg_image_repeat=&#8221;repeat&#8221; rt_bg_size=&#8221;auto auto&#8221; rt_bg_position=&#8221;right top&#8221; rt_bg_attachment=&#8221;scroll&#8221; rt_col_paddings=&#8221;true&#8221; rt_wrp_col_paddings=&#8221;false&#8221; rt_class=&#8221;rt-8829056&#8243; rt_margins=&#8221;,&#8221; rt_paddings=&#8221;,0,,&#8221; rt_wrapper_paddings=&#8221;,,,&#8221; rt_tablet_margins=&#8221;,&#8221; rt_tablet_paddings=&#8221;,,20px,&#8221; rt_tablet_wrapper_paddings=&#8221;,,,&#8221; rt_sp_margins=&#8221;,&#8221; rt_sp_paddings=&#8221;,,20px,&#8221; rt_sp_wrapper_paddings=&#8221;,,,&#8221; rt_bg_color=&#8221;&#8221; rt_bg_overlay_color=&#8221;&#8221;][vc_single_image image=&#8221;5733&#8243; img_size=&#8221;full&#8221; alignment=&#8221;center&#8221;][\/vc_column][vc_column width=&#8221;2\/3&#8243; rt_bg_effect=&#8221;classic&#8221; rt_bg_image_repeat=&#8221;repeat&#8221; rt_bg_size=&#8221;auto auto&#8221; rt_bg_position=&#8221;right top&#8221; rt_bg_attachment=&#8221;scroll&#8221; rt_col_paddings=&#8221;true&#8221; rt_wrp_col_paddings=&#8221;false&#8221; rt_class=&#8221;rt-5659696&#8243; rt_margins=&#8221;,&#8221; rt_paddings=&#8221;40px,40px,,&#8221; rt_wrapper_paddings=&#8221;,,,&#8221; rt_tablet_margins=&#8221;,&#8221; rt_tablet_paddings=&#8221;,,,20px&#8221; rt_tablet_wrapper_paddings=&#8221;,,,&#8221; rt_sp_margins=&#8221;,&#8221; rt_sp_paddings=&#8221;,,,20px&#8221; rt_sp_wrapper_paddings=&#8221;,,,&#8221; rt_bg_color=&#8221;&#8221; rt_bg_overlay_color=&#8221;&#8221; offset=&#8221;vc_col-md-8&#8243;]\n\t\t<article class=\"content-box content-box2 content-padding\">\n\t\t<div class=\"rt-heading-wrapper style-1\">\n\t\t\t\t\t\t<h4 class=\"rt-heading style-1\" >Alunos de P\u00f3s-Gradua\u00e7\u00e3o<\/h4>\n\t\t\t\t\t<\/div>\n\t\t<div class=\"content-holder\">\n\t\t\t<table style=\"border-collapse: collapse; width: 100%;\">\n<tbody>\n<tr>\n<td style=\"width: 50%;\">Ana Catarina Gandra \u2013 UFSCar<br \/>\nAnaisa Comparini \u2013 UFSCar<br \/>\nBruno Fernandes \u2013 UFSCar<br \/>\nDiego Scarpa de Melo \u2013 UFSCar<br \/>\nFelipe C\u00e9sar Sabadini \u2013 UFSCar<\/td>\n<td style=\"width: 50%;\">Izabel Zinidarsis \u2013 UFSCar<br \/>\nKaroline Arguello da Silva \u2013 EESC\/USP<br \/>\nVanessa da Silva Mariotto Onody \u2013 UFSCar<br \/>\nVitor Mel\u00e3o Cass\u00e2nego \u2013 UFSCar<br \/>\nGuilherme Augusto Roiz \u2013 EESC\/USP<\/td>\n<\/tr>\n<\/tbody>\n<\/table>\n\n\t\t\t\n\t\t<\/div>\n\t\t<\/article>\n\t\t[vc_empty_space height=&#8221;40px&#8221;]\n\t\t<article class=\"content-box content-box2 content-padding\">\n\t\t<div class=\"rt-heading-wrapper style-1\">\n\t\t\t\t\t\t<h4 class=\"rt-heading style-1\" >Alunos de Inicia\u00e7\u00e3o Cient\u00edfica<\/h4>\n\t\t\t\t\t<\/div>\n\t\t<div class=\"content-holder\">\n\t\t\t<p>Caio Gragnani Jancar \u2013 UFSCar<br \/>\nJuliano C\u00e9sar Lopes Coimbra \u2013 UFSCar<br \/>\nLucas Gachet \u2013 UFSCar<br \/>\nMateus Conga Almeida \u2013 UFSCar<br \/>\nGuilherme Carvalho Resende \u2013 UFSCar<\/p>\n\n\t\t\t\n\t\t<\/div>\n\t\t<\/article>\n\t\t[\/vc_column][\/vc_row]<\/p>\n","protected":false},"excerpt":{"rendered":"<p>[vc_row rt_row_background_width=&#8221;fullwidth&#8221; rt_row_content_width=&#8221;default&#8221; rt_row_style=&#8221;default-style&#8221; rt_row_height=&#8221;&#8221; rt_column_placement=&#8221;bottom&#8221; rt_column_gaps=&#8221;&#8221; rt_row_shadows=&#8221;&#8221; rt_row_borders=&#8221;&#8221; rt_bg_effect=&#8221;classic&#8221; rt_bg_image_repeat=&#8221;repeat&#8221; rt_bg_size=&#8221;cover&#8221; rt_bg_position=&#8221;right top&#8221; rt_bg_attachment=&#8221;scroll&#8221; rt_bg_layer=&#8221;&#8221; rt_bg_video_format=&#8221;self-hosted&#8221; rt_row_paddings=&#8221;true&#8221; rt_padding_top=&#8221;80&#8243; rt_padding_bottom=&#8221;80&#8243; rt_class=&#8221;rt-1686520&#8243; rt_paddings=&#8221;0,0,,&#8221; rt_margins=&#8221;,,,&#8221; rt_content_margins=&#8221;,,,&#8221; rt_tablet_paddings=&#8221;,,,&#8221; rt_tablet_margins=&#8221;,,,&#8221; rt_tablet_content_margins=&#8221;,,,&#8221; rt_sp_paddings=&#8221;,,,&#8221; rt_sp_margins=&#8221;,,,&#8221; rt_sp_content_margins=&#8221;,,,&#8221;][vc_column width=&#8221;2\/3&#8243; rt_bg_effect=&#8221;classic&#8221; rt_bg_image_repeat=&#8221;repeat&#8221; rt_bg_size=&#8221;auto auto&#8221; rt_bg_position=&#8221;right top&#8221; rt_bg_attachment=&#8221;scroll&#8221; rt_class=&#8221;rt-7579980&#8243; rt_margins=&#8221;40px,&#8221; rt_paddings=&#8221;,,40px,40px&#8221; rt_wrapper_paddings=&#8221;,,,&#8221; rt_tablet_margins=&#8221;,&#8221; rt_tablet_paddings=&#8221;,,,&#8221; rt_tablet_wrapper_paddings=&#8221;,,,&#8221; rt_sp_margins=&#8221;,&#8221; rt_sp_paddings=&#8221;,,,&#8221; rt_sp_wrapper_paddings=&#8221;,,,&#8221; rt_bg_color=&#8221;&#8221; rt_bg_overlay_color=&#8221;&#8221;][vc_empty_space height=&#8221;20px&#8221;][vc_column_text 0=&#8221;&#8221;] O desenvolvimento do [&hellip;]<\/p>\n","protected":false},"author":1,"featured_media":0,"parent":0,"menu_order":0,"comment_status":"closed","ping_status":"closed","template":"","meta":[],"_links":{"self":[{"href":"https:\/\/www.atlas-ied-sp.ufscar.br\/index.php?rest_route=\/wp\/v2\/pages\/5685"}],"collection":[{"href":"https:\/\/www.atlas-ied-sp.ufscar.br\/index.php?rest_route=\/wp\/v2\/pages"}],"about":[{"href":"https:\/\/www.atlas-ied-sp.ufscar.br\/index.php?rest_route=\/wp\/v2\/types\/page"}],"author":[{"embeddable":true,"href":"https:\/\/www.atlas-ied-sp.ufscar.br\/index.php?rest_route=\/wp\/v2\/users\/1"}],"replies":[{"embeddable":true,"href":"https:\/\/www.atlas-ied-sp.ufscar.br\/index.php?rest_route=%2Fwp%2Fv2%2Fcomments&post=5685"}],"version-history":[{"count":51,"href":"https:\/\/www.atlas-ied-sp.ufscar.br\/index.php?rest_route=\/wp\/v2\/pages\/5685\/revisions"}],"predecessor-version":[{"id":5763,"href":"https:\/\/www.atlas-ied-sp.ufscar.br\/index.php?rest_route=\/wp\/v2\/pages\/5685\/revisions\/5763"}],"wp:attachment":[{"href":"https:\/\/www.atlas-ied-sp.ufscar.br\/index.php?rest_route=%2Fwp%2Fv2%2Fmedia&parent=5685"}],"curies":[{"name":"wp","href":"https:\/\/api.w.org\/{rel}","templated":true}]}}