{"id":4168,"date":"2017-07-02T02:37:11","date_gmt":"2017-07-02T05:37:11","guid":{"rendered":"http:\/\/businesslounge-demo.rtthemes.com\/?page_id=4168"},"modified":"2021-11-12T09:44:09","modified_gmt":"2021-11-12T12:44:09","slug":"metodologia","status":"publish","type":"page","link":"https:\/\/www.atlas-ied-sp.ufscar.br\/?page_id=4168","title":{"rendered":"METODOLOGIA"},"content":{"rendered":"<p>[vc_row rt_row_background_width=&#8221;fullwidth&#8221; rt_row_content_width=&#8221;default&#8221; rt_row_style=&#8221;default-style&#8221; rt_row_height=&#8221;&#8221; rt_column_placement=&#8221;middle&#8221; rt_column_gaps=&#8221;&#8221; rt_row_shadows=&#8221;&#8221; rt_row_borders=&#8221;&#8221; rt_bg_effect=&#8221;classic&#8221; rt_bg_image_repeat=&#8221;repeat&#8221; rt_bg_size=&#8221;cover&#8221; rt_bg_position=&#8221;right top&#8221; rt_bg_attachment=&#8221;scroll&#8221; rt_bg_layer=&#8221;&#8221; rt_bg_video_format=&#8221;self-hosted&#8221; rt_row_paddings=&#8221;true&#8221; rt_padding_top=&#8221;80&#8243; rt_padding_bottom=&#8221;80&#8243; rt_class=&#8221;rt-6656299&#8243; rt_paddings=&#8221;80px,-50px,,&#8221; rt_margins=&#8221;,,,&#8221; rt_content_margins=&#8221;,,,&#8221; rt_tablet_paddings=&#8221;,,,&#8221; rt_tablet_margins=&#8221;,,,&#8221; rt_tablet_content_margins=&#8221;,,,&#8221; rt_sp_paddings=&#8221;,,,&#8221; rt_sp_margins=&#8221;,,,&#8221; rt_sp_content_margins=&#8221;,,,&#8221; rt_bg_color=&#8221;#f4f4f4&#8243;][vc_column width=&#8221;1\/2&#8243; rt_bg_effect=&#8221;classic&#8221; rt_bg_image_repeat=&#8221;repeat&#8221; rt_bg_size=&#8221;auto auto&#8221; rt_bg_position=&#8221;right top&#8221; rt_bg_attachment=&#8221;scroll&#8221; rt_class=&#8221;rt-4581023&#8243; rt_margins=&#8221;-150px,0&#8243; rt_paddings=&#8221;,,0,0&#8243; rt_wrapper_paddings=&#8221;,,,&#8221; rt_tablet_margins=&#8221;,&#8221; rt_tablet_paddings=&#8221;,,,&#8221; rt_tablet_wrapper_paddings=&#8221;,,,&#8221; rt_sp_margins=&#8221;,&#8221; rt_sp_paddings=&#8221;,,,&#8221; rt_sp_wrapper_paddings=&#8221;,,,&#8221; rt_bg_color=&#8221;&#8221; rt_bg_overlay_color=&#8221;&#8221;][vc_single_image image=&#8221;5542&#8243; img_size=&#8221;full&#8221; alignment=&#8221;center&#8221;][\/vc_column][vc_column width=&#8221;1\/2&#8243; rt_bg_effect=&#8221;classic&#8221; rt_bg_image_repeat=&#8221;repeat&#8221; rt_bg_size=&#8221;auto auto&#8221; rt_bg_position=&#8221;right top&#8221; rt_bg_attachment=&#8221;scroll&#8221; rt_col_paddings=&#8221;true&#8221; rt_wrp_col_paddings=&#8221;false&#8221; rt_class=&#8221;rt-8700852&#8243; rt_margins=&#8221;,&#8221; rt_paddings=&#8221;0,0,15%,15%&#8221; rt_wrapper_paddings=&#8221;,,,&#8221; rt_tablet_margins=&#8221;,&#8221; rt_tablet_paddings=&#8221;,,20px,20px&#8221; rt_tablet_wrapper_paddings=&#8221;,,,&#8221; rt_sp_margins=&#8221;,&#8221; rt_sp_paddings=&#8221;,,20px,20px&#8221; rt_sp_wrapper_paddings=&#8221;,,,&#8221; rt_bg_color=&#8221;&#8221; rt_bg_overlay_color=&#8221;&#8221;]<div class=\"rt-heading-wrapper text-center mobile-text-center rt-4472062\">\n\t\t\t\t\t\t<h3 class=\"rt-heading\" >Proxy de IED baseado em exporta\u00e7\u00f5es<\/h3>\n\t\t\t\t\t<\/div>[vc_column_text 0=&#8221;&#8221;]<\/p>\n<p style=\"text-align: center;\"><strong><span style=\"font-size: 18px;\">Tendo em vista que n\u00e3o existem estat\u00edsticas p\u00fablicas sobre a intensidade de capital estrangeiro em cada munic\u00edpio paulista, o grupo de pesquisadores utilizou os dados municipais de todas as empresas exportadoras em opera\u00e7\u00e3o, os quais foram retirados do Sistema Integrado de Com\u00e9rcio Exterior\u00a0 \u00a0(<\/span><\/strong><strong><span style=\"font-size: 18px;\">SISCOMEX).<\/span><\/strong><\/p>\n<p>[\/vc_column_text][vc_empty_space height=&#8221;20px&#8221;][\/vc_column][\/vc_row][vc_row rt_row_background_width=&#8221;fullwidth&#8221; rt_row_content_width=&#8221;default&#8221; rt_row_style=&#8221;default-style&#8221; rt_row_height=&#8221;&#8221; rt_column_gaps=&#8221;&#8221; rt_row_shadows=&#8221;&#8221; rt_row_borders=&#8221;&#8221; rt_bg_effect=&#8221;classic&#8221; rt_bg_image_repeat=&#8221;repeat&#8221; rt_bg_size=&#8221;cover&#8221; rt_bg_position=&#8221;right top&#8221; rt_bg_attachment=&#8221;scroll&#8221; rt_bg_layer=&#8221;&#8221; rt_bg_video_format=&#8221;self-hosted&#8221; rt_class=&#8221;rt-3632839&#8243; rt_paddings=&#8221;80px,50px,,&#8221; rt_margins=&#8221;,,,&#8221; rt_content_margins=&#8221;,,,&#8221; rt_tablet_paddings=&#8221;,,,&#8221; rt_tablet_margins=&#8221;,,,&#8221; rt_tablet_content_margins=&#8221;,,,&#8221; rt_sp_paddings=&#8221;,,,&#8221; rt_sp_margins=&#8221;,,,&#8221; rt_sp_content_margins=&#8221;,,,&#8221;][vc_column rt_bg_effect=&#8221;classic&#8221; rt_bg_image_repeat=&#8221;repeat&#8221; rt_bg_size=&#8221;auto auto&#8221; rt_bg_position=&#8221;right top&#8221; rt_bg_attachment=&#8221;scroll&#8221;][vc_separator style=&#8221;style-3&#8243; color_type=&#8221;primary&#8221; rt_class=&#8221;rt-3689462&#8243; margins=&#8221;-100px,,,&#8221;][\/vc_column][vc_column width=&#8221;1\/2&#8243; rt_bg_effect=&#8221;classic&#8221; rt_bg_image_repeat=&#8221;repeat&#8221; rt_bg_size=&#8221;auto auto&#8221; rt_bg_position=&#8221;right top&#8221; rt_bg_attachment=&#8221;scroll&#8221; rt_col_paddings=&#8221;true&#8221; rt_wrp_col_paddings=&#8221;false&#8221; rt_class=&#8221;rt-7023816&#8243; rt_margins=&#8221;,&#8221; rt_paddings=&#8221;,40px,,&#8221; rt_wrapper_paddings=&#8221;,,,&#8221; rt_tablet_margins=&#8221;,&#8221; rt_tablet_paddings=&#8221;,,,&#8221; rt_tablet_wrapper_paddings=&#8221;,,,&#8221; rt_sp_margins=&#8221;,&#8221; rt_sp_paddings=&#8221;,,,&#8221; rt_sp_wrapper_paddings=&#8221;,,,&#8221; rt_bg_color=&#8221;&#8221; rt_bg_overlay_color=&#8221;&#8221;][vc_column_text]<\/p>\n<p style=\"text-align: justify;\">Assim, para construir um banco de dados de IED do estado de S\u00e3o Paulo, a equipe de pesquisa visitou manualmente o site de cada empresa exportadora de todos os munic\u00edpios paulistas a fim de verificar se a empresa listada era brasileira ou estrangeira, levando-se em conta a localiza\u00e7\u00e3o de sua sede (<em>headquarter<\/em>).<\/p>\n<p style=\"text-align: justify;\">Adicionalmente, foram recolhidas informa\u00e7\u00f5es sobre o pa\u00eds de origem das empresas estrangeiras (desenvolvido ou emergente), utilizando o endere\u00e7o da sede da empresa. De fato, o esfor\u00e7o descrito resultou em aproximadamente 20.000 verifica\u00e7\u00f5es. Esse processo de busca resultou em um banco de dados em painel \u00fanico sobre IED no Estado de S\u00e3o Paulo para o per\u00edodo de 2010 a 2016.<\/p>\n<p>[\/vc_column_text][\/vc_column][vc_column width=&#8221;1\/2&#8243; rt_bg_effect=&#8221;classic&#8221; rt_bg_image_repeat=&#8221;repeat&#8221; rt_bg_size=&#8221;auto auto&#8221; rt_bg_position=&#8221;right top&#8221; rt_bg_attachment=&#8221;scroll&#8221; rt_col_paddings=&#8221;true&#8221; rt_wrp_col_paddings=&#8221;false&#8221; rt_class=&#8221;rt-3007723&#8243; rt_margins=&#8221;,&#8221; rt_paddings=&#8221;0,40px,,&#8221; rt_wrapper_paddings=&#8221;,,,&#8221; rt_tablet_margins=&#8221;,&#8221; rt_tablet_paddings=&#8221;,,,&#8221; rt_tablet_wrapper_paddings=&#8221;,,,&#8221; rt_sp_margins=&#8221;,&#8221; rt_sp_paddings=&#8221;,,,&#8221; rt_sp_wrapper_paddings=&#8221;,,,&#8221; rt_bg_color=&#8221;&#8221; rt_bg_overlay_color=&#8221;&#8221;][vc_column_text]<\/p>\n<p style=\"text-align: justify;\">Nesse sentido, vale ressaltar que o indicador de intensidade de IED do munic\u00edpio foi constru\u00eddo com base na equa\u00e7\u00e3o (1), o qual varia de zero a infinito.<\/p>\n<p>\u200b<span class=\"math inherit-color \">\\( IED_{jt} = \\sum_{i=1}^{k} W_{ijt} \\left ( \\frac{MNE_{jt}}{T_{jt}} \\right ) \\)<\/span>\u200b, para cada regi\u00e3o j.\u00a0\u00a0\u00a0\u00a0\u00a0\u00a0\u00a0\u00a0\u00a0\u00a0\u00a0\u00a0\u00a0\u00a0\u00a0\u00a0\u00a0\u00a0\u00a0\u00a0\u00a0\u00a0\u00a0 (1)<\/p>\n<p style=\"text-align: justify;\">Onde,<\/p>\n<p style=\"text-align: justify;\"><strong>MNE<\/strong> \u00e9 o n\u00famero de empresas multinacionais exportadoras da regi\u00e3o \u201cj\u201d;<br \/>\n<strong>T<\/strong> \u00e9 o n\u00famero total de empresas exportadoras (nacionais e estrangeiras) na regi\u00e3o j;<br \/>\n<strong>W<\/strong> \u00e9 o peso de ajuste para cada empresa i por meio de sua faixa de valor exportado naquela regi\u00e3o;<\/p>\n<p>[\/vc_column_text][\/vc_column][\/vc_row][vc_row rt_row_background_width=&#8221;fullwidth&#8221; rt_row_content_width=&#8221;default&#8221; rt_row_style=&#8221;default-style&#8221; rt_row_height=&#8221;&#8221; rt_column_placement=&#8221;middle&#8221; rt_column_gaps=&#8221;&#8221; rt_row_shadows=&#8221;&#8221; rt_row_borders=&#8221;&#8221; rt_bg_effect=&#8221;classic&#8221; rt_bg_image_repeat=&#8221;repeat&#8221; rt_bg_size=&#8221;cover&#8221; rt_bg_position=&#8221;right top&#8221; rt_bg_attachment=&#8221;scroll&#8221; rt_bg_layer=&#8221;&#8221; rt_bg_video_format=&#8221;self-hosted&#8221; rt_row_paddings=&#8221;true&#8221; rt_padding_top=&#8221;80&#8243; rt_padding_bottom=&#8221;80&#8243; rt_class=&#8221;rt-9619081&#8243; rt_paddings=&#8221;80px,60px,,&#8221; rt_margins=&#8221;,,,&#8221; rt_content_margins=&#8221;,,,&#8221; rt_tablet_paddings=&#8221;,,,&#8221; rt_tablet_margins=&#8221;,,,&#8221; rt_tablet_content_margins=&#8221;,,,&#8221; rt_sp_paddings=&#8221;,,,&#8221; rt_sp_margins=&#8221;,,,&#8221; rt_sp_content_margins=&#8221;,,,&#8221; rt_bg_color=&#8221;#aaded1&#8243;][vc_column rt_bg_effect=&#8221;classic&#8221; rt_bg_image_repeat=&#8221;repeat&#8221; rt_bg_size=&#8221;auto auto&#8221; rt_bg_position=&#8221;right top&#8221; rt_bg_attachment=&#8221;scroll&#8221;][vc_separator style=&#8221;style-3&#8243; color_type=&#8221;primary&#8221; rt_class=&#8221;rt-9387091&#8243; margins=&#8221;-100px,0,,&#8221;][\/vc_column][vc_column width=&#8221;1\/3&#8243; rt_bg_effect=&#8221;classic&#8221; rt_bg_image_repeat=&#8221;repeat&#8221; rt_bg_size=&#8221;auto auto&#8221; rt_bg_position=&#8221;right top&#8221; rt_bg_attachment=&#8221;scroll&#8221; rt_col_paddings=&#8221;true&#8221; rt_wrp_col_paddings=&#8221;false&#8221; rt_class=&#8221;rt-4628308&#8243; rt_margins=&#8221;-120px,&#8221; rt_paddings=&#8221;,,0,0&#8243; rt_wrapper_paddings=&#8221;,,,&#8221; rt_tablet_margins=&#8221;,&#8221; rt_tablet_paddings=&#8221;,,20px,20px&#8221; rt_tablet_wrapper_paddings=&#8221;,,,&#8221; rt_sp_margins=&#8221;,&#8221; rt_sp_paddings=&#8221;,,20px,20px&#8221; rt_sp_wrapper_paddings=&#8221;,,,&#8221; rt_bg_color=&#8221;&#8221; rt_bg_overlay_color=&#8221;&#8221;][vc_single_image image=&#8221;5639&#8243; img_size=&#8221;full&#8221; alignment=&#8221;right&#8221;][\/vc_column][vc_column width=&#8221;2\/3&#8243; rt_bg_effect=&#8221;classic&#8221; rt_bg_image_repeat=&#8221;repeat&#8221; rt_bg_size=&#8221;auto auto&#8221; rt_bg_position=&#8221;right top&#8221; rt_bg_attachment=&#8221;scroll&#8221; rt_class=&#8221;rt-2996310&#8243; rt_margins=&#8221;,&#8221; rt_paddings=&#8221;,,,&#8221; rt_wrapper_paddings=&#8221;,,,&#8221; rt_tablet_margins=&#8221;,&#8221; rt_tablet_paddings=&#8221;,,,&#8221; rt_tablet_wrapper_paddings=&#8221;,,,&#8221; rt_sp_margins=&#8221;,&#8221; rt_sp_paddings=&#8221;,,,&#8221; rt_sp_wrapper_paddings=&#8221;,,,&#8221; rt_bg_color=&#8221;&#8221; rt_bg_overlay_color=&#8221;&#8221;][vc_column_text 0=&#8221;&#8221;]<\/p>\n<p style=\"text-align: justify;\"><strong><span style=\"font-size: 18px;\">\u00c9 importante ressaltar que a equa\u00e7\u00e3o (1) n\u00e3o leva em conta apenas a propor\u00e7\u00e3o de empresas estrangeiras em um munic\u00edpio, mas tamb\u00e9m seu impacto econ\u00f4mico na regi\u00e3o receptora, de modo que a porcentagem de empresas estrangeiras em um munic\u00edpio \u00e9 ponderada pelo somat\u00f3rio do valor exportado. Em outras palavras, um munic\u00edpio com apenas uma empresa estrangeira de um total de 100 empresas exportadoras (portanto 1% de empresas estrangeiras) que exportou US$ 300 milh\u00f5es de d\u00f3lares ter\u00e1 intensidade de capital estrangeiro maior do que um munic\u00edpio com 10% de empresas estrangeiras, cujo somat\u00f3rio do valor exportado foi de US$ 5 milh\u00f5es.<\/span><\/strong><\/p>\n<p>[\/vc_column_text][\/vc_column][\/vc_row][vc_row rt_row_background_width=&#8221;fullwidth&#8221; rt_row_content_width=&#8221;default&#8221; rt_row_style=&#8221;default-style&#8221; rt_row_height=&#8221;&#8221; rt_column_gaps=&#8221;&#8221; rt_row_shadows=&#8221;&#8221; rt_row_borders=&#8221;&#8221; rt_bg_effect=&#8221;classic&#8221; rt_bg_image_repeat=&#8221;repeat&#8221; rt_bg_size=&#8221;cover&#8221; rt_bg_position=&#8221;right top&#8221; rt_bg_attachment=&#8221;scroll&#8221; rt_bg_layer=&#8221;&#8221; rt_bg_video_format=&#8221;self-hosted&#8221; rt_class=&#8221;rt-7693688&#8243; rt_paddings=&#8221;80px,50px,,&#8221; rt_margins=&#8221;,,,&#8221; rt_content_margins=&#8221;,,,&#8221; rt_tablet_paddings=&#8221;,,,&#8221; rt_tablet_margins=&#8221;,,,&#8221; rt_tablet_content_margins=&#8221;,,,&#8221; rt_sp_paddings=&#8221;,,,&#8221; rt_sp_margins=&#8221;,,,&#8221; rt_sp_content_margins=&#8221;,,,&#8221;][vc_column rt_bg_effect=&#8221;classic&#8221; rt_bg_image_repeat=&#8221;repeat&#8221; rt_bg_size=&#8221;auto auto&#8221; rt_bg_position=&#8221;right top&#8221; rt_bg_attachment=&#8221;scroll&#8221; rt_class=&#8221;rt-2662059&#8243; rt_margins=&#8221;,&#8221; rt_paddings=&#8221;,,15%,15%&#8221; rt_wrapper_paddings=&#8221;,,,&#8221; rt_tablet_margins=&#8221;,&#8221; rt_tablet_paddings=&#8221;,,,&#8221; rt_tablet_wrapper_paddings=&#8221;,,,&#8221; rt_sp_margins=&#8221;,&#8221; rt_sp_paddings=&#8221;,,,&#8221; rt_sp_wrapper_paddings=&#8221;,,,&#8221; rt_bg_color=&#8221;&#8221; rt_bg_overlay_color=&#8221;&#8221;][vc_separator style=&#8221;style-3&#8243; color_type=&#8221;primary&#8221; rt_class=&#8221;rt-7577551&#8243; margins=&#8221;-100px,,,&#8221;][vc_empty_space height=&#8221;30px&#8221;][vc_column_text]<span style=\"font-size: 24px;\"><strong>Como citar a base<\/strong><\/span><\/p>\n<p>MORALLES, HERICK FERNANDO; MORENO, ROSINA. FDI productivity spillovers and absorptive capacity in Brazilian firms: A threshold regression analysis<u>. International Review of Economics &amp; Finance<\/u>, v. 70, p. 257-272, 2020. (JCR=2,522)[\/vc_column_text][vc_column_text]<\/p>\n<p style=\"text-align: justify;\"><span style=\"font-size: 24px;\"><strong>Lista de publica\u00e7\u00f5es e <em>working papers<\/em><\/strong><\/span><\/p>\n<p style=\"text-align: justify;\"><u>Publicados<\/u><\/p>\n<p style=\"text-align: justify;\">MORALLES, HERICK FERNANDO; MORENO, ROSINA. FDI productivity spillovers and absorptive capacity in Brazilian firms: A threshold regression analysis. <u>International Review of Economics &amp; Finance<\/u>, v. 70, p. 257-272, 2020. (JCR=2,522)<\/p>\n<p style=\"text-align: justify;\">POLLONI-SILVA, EDUARDO; MORALLES, HERICK FERNANDO; REBELATTO, DAISY APARECIDA DO NASCIMENTO; HARTMANN, DOMINIK. Are foreign companies a blessing or a curse for local development in Brazil? It depends on the home country and host region&#8217;s institutions. <u>Growth and Change<\/u>, v. 00, p. grow.12484-30, 2021. (JCR=2,202)<\/p>\n<p style=\"text-align: justify;\">POLLONI-SILVA, EDUARDO; FERRAZ, DIOGO; CAMIOTO, FL\u00c1VIA DE CASTRO; REBELATTO, DAISY APARECIDA DO NASCIMENTO; MORALLES, HERICK FERNANDO. Environmental Kuznets Curve and the Pollution-Halo\/Haven Hypotheses: An Investigation in Brazilian Municipalities. <u>Sustainability<\/u>, v. 13, p. 4114, 2021. (JCR=3,251)<\/p>\n<p style=\"text-align: justify;\"><u>Working Papers<\/u><\/p>\n<p style=\"text-align: justify;\">&#8220;ENVIRONMENTALLY FRIENDLY INVESTMENTS AND WHERE TO FIND THEM: INVESTIGATING HOW THE QUALITY AND ORIGINS OF MANUFACTURING FDI INFLUENCE THE CO2 EMISSIONS INTENSITY IN BRAZIL. Dispon\u00edvel em: <a href=\"https:\/\/papers.ssrn.com\/sol3\/papers.cfm?abstract_id=3867710\">https:\/\/papers.ssrn.com\/sol3\/papers.cfm?abstract_id=3867710<\/a><\/p>\n<p>[\/vc_column_text][\/vc_column][\/vc_row]<\/p>\n","protected":false},"excerpt":{"rendered":"<p>[vc_row rt_row_background_width=&#8221;fullwidth&#8221; rt_row_content_width=&#8221;default&#8221; rt_row_style=&#8221;default-style&#8221; rt_row_height=&#8221;&#8221; rt_column_placement=&#8221;middle&#8221; rt_column_gaps=&#8221;&#8221; rt_row_shadows=&#8221;&#8221; rt_row_borders=&#8221;&#8221; rt_bg_effect=&#8221;classic&#8221; rt_bg_image_repeat=&#8221;repeat&#8221; rt_bg_size=&#8221;cover&#8221; rt_bg_position=&#8221;right top&#8221; rt_bg_attachment=&#8221;scroll&#8221; rt_bg_layer=&#8221;&#8221; rt_bg_video_format=&#8221;self-hosted&#8221; rt_row_paddings=&#8221;true&#8221; rt_padding_top=&#8221;80&#8243; rt_padding_bottom=&#8221;80&#8243; rt_class=&#8221;rt-6656299&#8243; rt_paddings=&#8221;80px,-50px,,&#8221; rt_margins=&#8221;,,,&#8221; rt_content_margins=&#8221;,,,&#8221; rt_tablet_paddings=&#8221;,,,&#8221; rt_tablet_margins=&#8221;,,,&#8221; rt_tablet_content_margins=&#8221;,,,&#8221; rt_sp_paddings=&#8221;,,,&#8221; rt_sp_margins=&#8221;,,,&#8221; rt_sp_content_margins=&#8221;,,,&#8221; rt_bg_color=&#8221;#f4f4f4&#8243;][vc_column width=&#8221;1\/2&#8243; rt_bg_effect=&#8221;classic&#8221; rt_bg_image_repeat=&#8221;repeat&#8221; rt_bg_size=&#8221;auto auto&#8221; rt_bg_position=&#8221;right top&#8221; rt_bg_attachment=&#8221;scroll&#8221; rt_class=&#8221;rt-4581023&#8243; rt_margins=&#8221;-150px,0&#8243; rt_paddings=&#8221;,,0,0&#8243; rt_wrapper_paddings=&#8221;,,,&#8221; rt_tablet_margins=&#8221;,&#8221; rt_tablet_paddings=&#8221;,,,&#8221; rt_tablet_wrapper_paddings=&#8221;,,,&#8221; rt_sp_margins=&#8221;,&#8221; rt_sp_paddings=&#8221;,,,&#8221; rt_sp_wrapper_paddings=&#8221;,,,&#8221; rt_bg_color=&#8221;&#8221; rt_bg_overlay_color=&#8221;&#8221;][vc_single_image image=&#8221;5542&#8243; img_size=&#8221;full&#8221; alignment=&#8221;center&#8221;][\/vc_column][vc_column width=&#8221;1\/2&#8243; [&hellip;]<\/p>\n","protected":false},"author":1,"featured_media":0,"parent":0,"menu_order":0,"comment_status":"closed","ping_status":"closed","template":"","meta":[],"_links":{"self":[{"href":"https:\/\/www.atlas-ied-sp.ufscar.br\/index.php?rest_route=\/wp\/v2\/pages\/4168"}],"collection":[{"href":"https:\/\/www.atlas-ied-sp.ufscar.br\/index.php?rest_route=\/wp\/v2\/pages"}],"about":[{"href":"https:\/\/www.atlas-ied-sp.ufscar.br\/index.php?rest_route=\/wp\/v2\/types\/page"}],"author":[{"embeddable":true,"href":"https:\/\/www.atlas-ied-sp.ufscar.br\/index.php?rest_route=\/wp\/v2\/users\/1"}],"replies":[{"embeddable":true,"href":"https:\/\/www.atlas-ied-sp.ufscar.br\/index.php?rest_route=%2Fwp%2Fv2%2Fcomments&post=4168"}],"version-history":[{"count":105,"href":"https:\/\/www.atlas-ied-sp.ufscar.br\/index.php?rest_route=\/wp\/v2\/pages\/4168\/revisions"}],"predecessor-version":[{"id":5656,"href":"https:\/\/www.atlas-ied-sp.ufscar.br\/index.php?rest_route=\/wp\/v2\/pages\/4168\/revisions\/5656"}],"wp:attachment":[{"href":"https:\/\/www.atlas-ied-sp.ufscar.br\/index.php?rest_route=%2Fwp%2Fv2%2Fmedia&parent=4168"}],"curies":[{"name":"wp","href":"https:\/\/api.w.org\/{rel}","templated":true}]}}